{"id":460,"date":"2025-11-19T16:04:46","date_gmt":"2025-11-19T15:04:46","guid":{"rendered":"https:\/\/esenciascompany.com\/?page_id=460"},"modified":"2025-11-21T01:35:54","modified_gmt":"2025-11-21T00:35:54","slug":"download-complete-pack","status":"publish","type":"page","link":"https:\/\/esenciascompany.com\/es\/download-complete-pack\/","title":{"rendered":"D\u00fao Esencias: paquete multimedia Completo"},"content":{"rendered":"<div data-elementor-type=\"wp-page\" data-elementor-id=\"460\" class=\"elementor elementor-460\" data-elementor-post-type=\"page\">\n\t\t\t\t<div class=\"elementor-element elementor-element-59284e0 e-flex e-con-boxed e-con e-parent\" data-id=\"59284e0\" data-element_type=\"container\" data-settings=\"{&quot;jet_parallax_layout_list&quot;:[]}\">\n\t\t\t\t\t<div class=\"e-con-inner\">\n\t\t<div class=\"elementor-element elementor-element-b988ce0 e-con-full e-flex e-con e-child\" data-id=\"b988ce0\" data-element_type=\"container\" data-settings=\"{&quot;jet_parallax_layout_list&quot;:[]}\">\n\t\t\t\t<div class=\"elementor-element elementor-element-c76e228 elementor-widget elementor-widget-image\" data-id=\"c76e228\" data-element_type=\"widget\" data-widget_type=\"image.default\">\n\t\t\t\t\t\t\t\t\t\t\t\t\t\t\t<img fetchpriority=\"high\" decoding=\"async\" width=\"726\" height=\"1024\" src=\"https:\/\/esenciascompany.com\/wp-content\/uploads\/2025\/11\/DuoEsenciasUSB_2-726x1024-1.jpg\" class=\"attachment-large size-large wp-image-463\" alt=\"\" srcset=\"https:\/\/esenciascompany.com\/wp-content\/uploads\/2025\/11\/DuoEsenciasUSB_2-726x1024-1.jpg 726w, https:\/\/esenciascompany.com\/wp-content\/uploads\/2025\/11\/DuoEsenciasUSB_2-726x1024-1-213x300.jpg 213w, https:\/\/esenciascompany.com\/wp-content\/uploads\/2025\/11\/DuoEsenciasUSB_2-726x1024-1-9x12.jpg 9w\" sizes=\"(max-width: 726px) 100vw, 726px\" \/>\t\t\t\t\t\t\t\t\t\t\t\t\t\t\t<\/div>\n\t\t\t\t<\/div>\n\t\t<div class=\"elementor-element elementor-element-8517e8f e-con-full e-flex e-con e-child\" data-id=\"8517e8f\" data-element_type=\"container\" data-settings=\"{&quot;jet_parallax_layout_list&quot;:[]}\">\n\t\t\t\t<div class=\"elementor-element elementor-element-5ef9bdb elementor-widget elementor-widget-text-editor\" data-id=\"5ef9bdb\" data-element_type=\"widget\" data-widget_type=\"text-editor.default\">\n\t\t\t\t\t\t\t\t\t<h2>Media Kit<\/h2><p>\u00a0<\/p><p>Here, you can download a complete package of our show material:<\/p><ul><li>The videos from both of our shows<\/li><li>Exclusive Flamenco dance workshops<\/li><li>Our music album<\/li><li>A unique &amp; unmatched video from the violinist M\u00e1t\u00e9 R\u00e1cz<\/li><\/ul>\t\t\t\t\t\t\t\t<\/div>\n\t\t\t\t<div class=\"elementor-element elementor-element-74d02be elementor-widget elementor-widget-text-editor\" data-id=\"74d02be\" data-element_type=\"widget\" data-widget_type=\"text-editor.default\">\n\t\t\t\t\t\t\t\t\t<h2>Thank you!<\/h2><p>Enter the code in the box and press download. If you don\u2019t have your code yet, contact us!<\/p>\t\t\t\t\t\t\t\t<\/div>\n\t\t\t\t<div class=\"elementor-element elementor-element-76b21ca elementor-widget elementor-widget-shortcode\" data-id=\"76b21ca\" data-element_type=\"widget\" data-widget_type=\"shortcode.default\">\n\t\t\t\t\t\t\t<div class=\"elementor-shortcode\">\n    <div class=\"descarga-protegida\" style=\"margin-bottom:20px;\">\n        <label for=\"pass-4d3cf57a3d6feab7fdd416398c3b2ddd\">Enter the code to download:<\/label>\n        <input type=\"password\" id=\"pass-4d3cf57a3d6feab7fdd416398c3b2ddd\" style=\"margin-left:10px; padding:4px;\">\n        <button id=\"btn-4d3cf57a3d6feab7fdd416398c3b2ddd\" disabled\n style=\"margin-left:10px; padding:6px 12px; cursor:pointer;\"\n                onclick=\"window.open('https:\/\/esenciascompany.com\/wp-content\/uploads\/2025\/11\/Theshows.zip', '_blank')\">\n            Download: 1.- The Shows        <\/button>\n\n        <p id=\"msg-4d3cf57a3d6feab7fdd416398c3b2ddd\" style=\"color:red; margin-top:10px; display:none;\">Clave incorrecta.<\/p>\n    <\/div>\n\n    <script>\n        (function(){\n            const input = document.getElementById('pass-4d3cf57a3d6feab7fdd416398c3b2ddd');\n            const boton = document.getElementById('btn-4d3cf57a3d6feab7fdd416398c3b2ddd');\n            const msg = document.getElementById('msg-4d3cf57a3d6feab7fdd416398c3b2ddd');\n            const correct = \"r1usbS203#A\";\n\n            input.addEventListener('input', function() {\n                if (input.value === correct) {\n                    boton.disabled = false;\n                    msg.style.display = \"none\";\n                } else {\n                    boton.disabled = true;\n                    if (input.value.length > 0) msg.style.display = \"block\";\n                    else msg.style.display = \"none\";\n                }\n            });\n        })();\n    <\/script>\n\n    <\/div>\n\t\t\t\t\t\t<\/div>\n\t\t\t\t<div class=\"elementor-element elementor-element-76f6dbf elementor-widget elementor-widget-shortcode\" data-id=\"76f6dbf\" data-element_type=\"widget\" data-widget_type=\"shortcode.default\">\n\t\t\t\t\t\t\t<div class=\"elementor-shortcode\">\n    <div class=\"descarga-protegida\" style=\"margin-bottom:20px;\">\n        <label for=\"pass-2e7e8e60c667221336d0e4a8603d591c\">Enter the code to download:<\/label>\n        <input type=\"password\" id=\"pass-2e7e8e60c667221336d0e4a8603d591c\" style=\"margin-left:10px; padding:4px;\">\n        <button id=\"btn-2e7e8e60c667221336d0e4a8603d591c\" disabled\n style=\"margin-left:10px; padding:6px 12px; cursor:pointer;\"\n                onclick=\"window.open('https:\/\/esenciascompany.com\/wp-content\/uploads\/2025\/11\/Therose.zip', '_blank')\">\n            Download: 2.- The Rose CD        <\/button>\n\n        <p id=\"msg-2e7e8e60c667221336d0e4a8603d591c\" style=\"color:red; margin-top:10px; display:none;\">Clave incorrecta.<\/p>\n    <\/div>\n\n    <script>\n        (function(){\n            const input = document.getElementById('pass-2e7e8e60c667221336d0e4a8603d591c');\n            const boton = document.getElementById('btn-2e7e8e60c667221336d0e4a8603d591c');\n            const msg = document.getElementById('msg-2e7e8e60c667221336d0e4a8603d591c');\n            const correct = \"r1usbS203#A\";\n\n            input.addEventListener('input', function() {\n                if (input.value === correct) {\n                    boton.disabled = false;\n                    msg.style.display = \"none\";\n                } else {\n                    boton.disabled = true;\n                    if (input.value.length > 0) msg.style.display = \"block\";\n                    else msg.style.display = \"none\";\n                }\n            });\n        })();\n    <\/script>\n\n    <\/div>\n\t\t\t\t\t\t<\/div>\n\t\t\t\t<div class=\"elementor-element elementor-element-e8ed5bf elementor-widget elementor-widget-shortcode\" data-id=\"e8ed5bf\" data-element_type=\"widget\" data-widget_type=\"shortcode.default\">\n\t\t\t\t\t\t\t<div class=\"elementor-shortcode\">\n    <div class=\"descarga-protegida\" style=\"margin-bottom:20px;\">\n        <label for=\"pass-ed2d925bdb54b47cbac9dfb60cd6a426\">Enter the code to download:<\/label>\n        <input type=\"password\" id=\"pass-ed2d925bdb54b47cbac9dfb60cd6a426\" style=\"margin-left:10px; padding:4px;\">\n        <button id=\"btn-ed2d925bdb54b47cbac9dfb60cd6a426\" disabled\n style=\"margin-left:10px; padding:6px 12px; cursor:pointer;\"\n                onclick=\"window.open('https:\/\/esenciascompany.com\/wp-content\/uploads\/2025\/11\/Flamencoclases.zip', '_blank')\">\n            Download: 3.- Flamenco Clases        <\/button>\n\n        <p id=\"msg-ed2d925bdb54b47cbac9dfb60cd6a426\" style=\"color:red; margin-top:10px; display:none;\">Clave incorrecta.<\/p>\n    <\/div>\n\n    <script>\n        (function(){\n            const input = document.getElementById('pass-ed2d925bdb54b47cbac9dfb60cd6a426');\n            const boton = document.getElementById('btn-ed2d925bdb54b47cbac9dfb60cd6a426');\n            const msg = document.getElementById('msg-ed2d925bdb54b47cbac9dfb60cd6a426');\n            const correct = \"r1usbS203#A\";\n\n            input.addEventListener('input', function() {\n                if (input.value === correct) {\n                    boton.disabled = false;\n                    msg.style.display = \"none\";\n                } else {\n                    boton.disabled = true;\n                    if (input.value.length > 0) msg.style.display = \"block\";\n                    else msg.style.display = \"none\";\n                }\n            });\n        })();\n    <\/script>\n\n    <\/div>\n\t\t\t\t\t\t<\/div>\n\t\t\t\t<div class=\"elementor-element elementor-element-26fbcb2 elementor-widget elementor-widget-shortcode\" data-id=\"26fbcb2\" data-element_type=\"widget\" data-widget_type=\"shortcode.default\">\n\t\t\t\t\t\t\t<div class=\"elementor-shortcode\">\n    <div class=\"descarga-protegida\" style=\"margin-bottom:20px;\">\n        <label for=\"pass-a45d324681de5fd04f3bf5b26dcd444f\">Enter the code to download:<\/label>\n        <input type=\"password\" id=\"pass-a45d324681de5fd04f3bf5b26dcd444f\" style=\"margin-left:10px; padding:4px;\">\n        <button id=\"btn-a45d324681de5fd04f3bf5b26dcd444f\" disabled\n style=\"margin-left:10px; padding:6px 12px; cursor:pointer;\"\n                onclick=\"window.open('https:\/\/esenciascompany.com\/wp-content\/uploads\/2025\/11\/Extra.zip', '_blank')\">\n            Download: 4.- Rock Symphonies show        <\/button>\n\n        <p id=\"msg-a45d324681de5fd04f3bf5b26dcd444f\" style=\"color:red; margin-top:10px; display:none;\">Clave incorrecta.<\/p>\n    <\/div>\n\n    <script>\n        (function(){\n            const input = document.getElementById('pass-a45d324681de5fd04f3bf5b26dcd444f');\n            const boton = document.getElementById('btn-a45d324681de5fd04f3bf5b26dcd444f');\n            const msg = document.getElementById('msg-a45d324681de5fd04f3bf5b26dcd444f');\n            const correct = \"r1usbS203#A\";\n\n            input.addEventListener('input', function() {\n                if (input.value === correct) {\n                    boton.disabled = false;\n                    msg.style.display = \"none\";\n                } else {\n                    boton.disabled = true;\n                    if (input.value.length > 0) msg.style.display = \"block\";\n                    else msg.style.display = \"none\";\n                }\n            });\n        })();\n    <\/script>\n\n    \n<\/div>\n\t\t\t\t\t\t<\/div>\n\t\t\t\t<\/div>\n\t\t\t\t\t<\/div>\n\t\t\t\t<\/div>\n\t\t\t\t<\/div>","protected":false},"excerpt":{"rendered":"<p>Media Kit \u00a0 Here, you can download a complete package of our show material: The videos from both of our shows Exclusive Flamenco dance workshops Our music album A unique &amp; unmatched video from the violinist M\u00e1t\u00e9 R\u00e1cz Thank you! Enter the code in the box and press download. If you don\u2019t have your code [&hellip;]<\/p>","protected":false},"author":2,"featured_media":0,"parent":0,"menu_order":0,"comment_status":"closed","ping_status":"closed","template":"","meta":{"_joinchat":[],"footnotes":""},"class_list":["post-460","page","type-page","status-publish","hentry"],"_links":{"self":[{"href":"https:\/\/esenciascompany.com\/es\/wp-json\/wp\/v2\/pages\/460","targetHints":{"allow":["GET"]}}],"collection":[{"href":"https:\/\/esenciascompany.com\/es\/wp-json\/wp\/v2\/pages"}],"about":[{"href":"https:\/\/esenciascompany.com\/es\/wp-json\/wp\/v2\/types\/page"}],"author":[{"embeddable":true,"href":"https:\/\/esenciascompany.com\/es\/wp-json\/wp\/v2\/users\/2"}],"replies":[{"embeddable":true,"href":"https:\/\/esenciascompany.com\/es\/wp-json\/wp\/v2\/comments?post=460"}],"version-history":[{"count":11,"href":"https:\/\/esenciascompany.com\/es\/wp-json\/wp\/v2\/pages\/460\/revisions"}],"predecessor-version":[{"id":507,"href":"https:\/\/esenciascompany.com\/es\/wp-json\/wp\/v2\/pages\/460\/revisions\/507"}],"wp:attachment":[{"href":"https:\/\/esenciascompany.com\/es\/wp-json\/wp\/v2\/media?parent=460"}],"curies":[{"name":"wp","href":"https:\/\/api.w.org\/{rel}","templated":true}]}}