{"id":18,"date":"2025-11-18T15:28:00","date_gmt":"2025-11-18T14:28:00","guid":{"rendered":"https:\/\/esenciascompany.com\/?page_id=18"},"modified":"2025-11-18T23:17:10","modified_gmt":"2025-11-18T22:17:10","slug":"politica-de-privacidad","status":"publish","type":"page","link":"https:\/\/esenciascompany.com\/es\/politica-de-privacidad\/","title":{"rendered":"Pol\u00edtica de privacidad"},"content":{"rendered":"<h2 class=\"wp-block-heading\"><strong>Responsable del tratamiento de los datos personales<\/strong><\/h2>\n\n\n\n<p>La responsabildiad &nbsp;del tratamiento de datos reacae sobre Sharon Alexandra L\u00f3pez Pomares, en adelante&nbsp;<strong>FLAMENCO VIOL\u00cdN<\/strong><\/p>\n\n\n\n<p>Domicilio: Calle C\/Tahona, 16, 38687 Gu\u00eda de Isora, S\/C de Tenerife<\/p>\n\n\n\n<p>Contacto Delegado de Protecci\u00f3n de Datos:&nbsp;<strong>info @ esenciascompany .com<\/strong><\/p>\n\n\n\n<h2 class=\"wp-block-heading\"><strong>\u00bfPara qu\u00e9, y con qu\u00e9 legitimaci\u00f3n, tratamos sus datos personales?<\/strong><\/h2>\n\n\n\n<p>Sus datos ser\u00e1n tratados por FLAMENCO VIOL\u00cdN para:<\/p>\n\n\n\n<p><strong>1. Gesti\u00f3n de consultas, quejas\/incidencias reclamaciones y solicitudes realizadas por parte del usuario.<\/strong><\/p>\n\n\n\n<p>FLAMENCO VIOL\u00cdN realizar\u00e1 aquellos tratamientos de datos necesarios para la atenci\u00f3n de la solicitud requerida por parte del usuario. De esta forma, trataremos datos como su nombre, apellidos, e-mail, tel\u00e9fono, provincia, c\u00f3digo postal, as\u00ed como la informaci\u00f3n relativa a si el usuario es cliente de FLAMENCO VIOL\u00cdN o no.<\/p>\n\n\n\n<p><strong>2. Control inform\u00e1tico de la p\u00e1gina web<\/strong>.<\/p>\n\n\n\n<p>FLAMENCO VIOL\u00cdN realizar\u00e1 aquellas actuaciones de vigilancia y control del uso de la p\u00e1gina web con el fin de prevenir y detectar cualquier utilizaci\u00f3n fraudulenta (como manipulaciones t\u00e9cnicas, modificaciones de c\u00f3digo\u2026), con el fin de evitar, prevenir y\/o detectar cualquier acceso no autorizado, alteraci\u00f3n o p\u00e9rdida de aquella informaci\u00f3n relativa a terceras personas diferentes al usuario que pueda generar para FLAMENCO VIOL\u00cdN responsabilidades civiles, penales y\/o administrativas.<\/p>\n\n\n\n<p><strong>3. Tratamiento de datos de cookies<\/strong>: La informaci\u00f3n relativa a la pol\u00edtica de cookies se localiza en nuestra p\u00e1gina de Politica de Cookies (UE) cuyo enlace se encuentra a pie de p\u00e1gina.<\/p>\n\n\n\n<p><strong>\u00bfPor cu\u00e1nto tiempo conservaremos tus datos?<\/strong><\/p>\n\n\n\n<p>FLAMENCO VIOL\u00cdN tratar\u00e1 sus datos durante el tiempo necesario para la atenci\u00f3n de la solicitud requerida por el cliente.&nbsp; En este sentido mantendremos bloqueados sus datos personales&nbsp;<strong>exclusivamente<\/strong>&nbsp;durante el plazo de prescripci\u00f3n de las acciones que pudieran derivarse de la relaci\u00f3n mantenida con el interesado o para la atenci\u00f3n de requerimientos de autoridades p\u00fablicas.<\/p>\n\n\n\n<p><strong>\u00bfA qui\u00e9nes comunicaremos tus datos?<\/strong><\/p>\n\n\n\n<p>No se ceder\u00e1n datos a terceros, salvo requerimiento por parte de organismos p\u00fablicos.<\/p>\n\n\n\n<p>Para poder gestionar debidamente el servicio prestado y los datos personales de sus usuarios, FLAMENCO VIOL\u00cdN contar\u00e1 con la colaboraci\u00f3n de terceros proveedores de servicios que pueden tener acceso a sus datos personales y que tratar\u00e1n los referidos datos en nombre y por cuenta de FLAMENCO VIOL\u00cdN como consecuencia de su prestaci\u00f3n de servicios. FLAMENCO VIOL\u00cdN se compromete a suscribir con ellos el correspondiente contrato de tratamiento de datos, mediante el cual les impondr\u00e1, entre otras, las siguientes obligaciones: aplicar medidas t\u00e9cnicas y organizativas apropiadas; tratar los datos personales para las finalidades pactadas y atendiendo \u00fanicamente a las instrucciones documentadas de FLAMENCO VIOL\u00cdN; y suprimir o devolver los datos a FLAMENCO VIOL\u00cdN una vez finalice la prestaci\u00f3n de los servicios.<\/p>\n\n\n\n<p><strong>\u00bfC\u00f3mo hemos obtenido tus datos?<\/strong><\/p>\n\n\n\n<p>Los datos personales que FLAMENCO VIOL\u00cdN trata del usuario en su p\u00e1gina web son aquellos que el usuario comunica en los formularios habilitados.<\/p>\n\n\n\n<p><strong>\u00bfC\u00f3mo obtiene FLAMENCO VIOL\u00cdN<\/strong>&nbsp;<strong>el consentimiento del usuario?<\/strong><\/p>\n\n\n\n<p>En los casos que as\u00ed sea necesario, tal y como se ha recogido con anterioridad, FLAMENCO VIOL\u00cdN obtendr\u00e1 el consentimiento de los usuarios a trav\u00e9s de las casillas espec\u00edficas ubicadas en los formularios online.<\/p>\n\n\n\n<p><strong>\u00bfCu\u00e1les son los derechos de los usuarios en protecci\u00f3n de datos?<\/strong><\/p>\n\n\n\n<ul class=\"wp-block-list\">\n<li>Usted tiene derecho a obtener confirmaci\u00f3n sobre si en FLAMENCO VIOL\u00cdN estamos tratando datos personales que le conciernen, o no, y, en tal caso, a acceder a sus datos personales, as\u00ed como a solicitar la rectificaci\u00f3n de los datos inexactos o, en su caso, solicitar su supresi\u00f3n cuando, entre otros motivos, los datos ya no sean necesarios para los fines que fueron recogidos.<\/li>\n\n\n\n<li>En determinadas circunstancias, usted podr\u00e1 solicitar la limitaci\u00f3n del tratamiento de sus datos, en cuyo caso \u00fanicamente los conservaremos para el ejercicio o la defensa de reclamaciones.<\/li>\n\n\n\n<li>Usted podr\u00e1 solicitar la portabilidad de sus datos para que \u00e9stos sean remitidos directamente a la entidad por \u00e9l designada en un formato estructurado, de uso com\u00fan y lectura mec\u00e1nica.<\/li>\n\n\n\n<li>Usted puede desde este momento y en cualquier otro posterior retirar el consentimiento otorgado para el tratamiento.<\/li>\n<\/ul>\n\n\n\n<p>Para el ejercicio de los derechos mencionados en este apartado usted puede dirigirse, acreditando su identidad (DNI), mediante correo electr\u00f3nico a:&nbsp;<strong>info @ esenciascompany .com<\/strong><\/p>\n\n\n\n<p>Usted podr\u00e1 reclamar ante la Agencia Espa\u00f1ola de Protecci\u00f3n de Datos (Autoridad de Control competente en esta materia), especialmente cuando no haya obtenido satisfacci\u00f3n en el ejercicio de sus derechos, mediante escrito dirigido a la misma, C\/ Jorge Juan, n\u00famero 6, 28001 \u2013 Madrid o a trav\u00e9s de la web:&nbsp;<a href=\"https:\/\/www.agpd.es\/\" target=\"_blank\" rel=\"noreferrer noopener\">https:\/\/www.agpd.es<\/a><\/p>","protected":false},"excerpt":{"rendered":"<p>Responsable del tratamiento de los datos personales La responsabildiad &nbsp;del tratamiento de datos reacae sobre Sharon Alexandra L\u00f3pez Pomares, en adelante&nbsp;FLAMENCO VIOL\u00cdN Domicilio: Calle C\/Tahona, 16, 38687 Gu\u00eda de Isora, S\/C de Tenerife Contacto Delegado de Protecci\u00f3n de Datos:&nbsp;info @ esenciascompany .com \u00bfPara qu\u00e9, y con qu\u00e9 legitimaci\u00f3n, tratamos sus datos personales? Sus datos ser\u00e1n [&hellip;]<\/p>","protected":false},"author":1,"featured_media":0,"parent":0,"menu_order":0,"comment_status":"closed","ping_status":"closed","template":"","meta":{"_joinchat":[],"footnotes":""},"class_list":["post-18","page","type-page","status-publish","hentry"],"_links":{"self":[{"href":"https:\/\/esenciascompany.com\/es\/wp-json\/wp\/v2\/pages\/18","targetHints":{"allow":["GET"]}}],"collection":[{"href":"https:\/\/esenciascompany.com\/es\/wp-json\/wp\/v2\/pages"}],"about":[{"href":"https:\/\/esenciascompany.com\/es\/wp-json\/wp\/v2\/types\/page"}],"author":[{"embeddable":true,"href":"https:\/\/esenciascompany.com\/es\/wp-json\/wp\/v2\/users\/1"}],"replies":[{"embeddable":true,"href":"https:\/\/esenciascompany.com\/es\/wp-json\/wp\/v2\/comments?post=18"}],"version-history":[{"count":2,"href":"https:\/\/esenciascompany.com\/es\/wp-json\/wp\/v2\/pages\/18\/revisions"}],"predecessor-version":[{"id":429,"href":"https:\/\/esenciascompany.com\/es\/wp-json\/wp\/v2\/pages\/18\/revisions\/429"}],"wp:attachment":[{"href":"https:\/\/esenciascompany.com\/es\/wp-json\/wp\/v2\/media?parent=18"}],"curies":[{"name":"wp","href":"https:\/\/api.w.org\/{rel}","templated":true}]}}