{"id":17,"date":"2025-11-18T23:04:27","date_gmt":"2025-11-18T22:04:27","guid":{"rendered":"https:\/\/esenciascompany.com\/?page_id=17"},"modified":"2025-11-18T23:17:24","modified_gmt":"2025-11-18T22:17:24","slug":"aviso-legal","status":"publish","type":"page","link":"https:\/\/esenciascompany.com\/es\/aviso-legal\/","title":{"rendered":"Aviso legal"},"content":{"rendered":"<p>Denominaci\u00f3n Social: &nbsp;<strong>Sharon Alexandra L\u00f3pez Pomares<\/strong><br>Nombre Comercial:&nbsp;<strong>Duo Esencias<\/strong><br>Domicilio Social:&nbsp;<strong>Calle C\/Tahona, 16, 38687 Gu\u00eda de Isora, S\/C de Tenerife<br><\/strong>CIF: &nbsp;<strong>48006756Y<\/strong><br>e-Mail:&nbsp;<strong>info @ esenciascompany .com<\/strong><br>Nombre de dominio:&nbsp;<strong>www.flamencoviolin.com<\/strong><\/p>\n\n\n\n<h2 class=\"wp-block-heading\">OBJETO<\/h2>\n\n\n\n<p>La empresa SHARON ALEXANDRA L\u00d3PEZ POMARES, es titular de la p\u00e1gina web www.flamencoviolin.com. La presente p\u00e1gina tiene como objetivo informar a los usuarios sobre los servicios y productos que ofrece la empresa<\/p>\n\n\n\n<p>La utilizaci\u00f3n de la p\u00e1gina web implica la aceptaci\u00f3n plena y sin reservas de las condiciones generales de uso que se detallan a continuaci\u00f3n. En caso de no aceptar estas condiciones, el usuario deber\u00e1 abstenerse de utilizar la p\u00e1gina web.<\/p>\n\n\n\n<p>El acceso y uso de la p\u00e1gina web de FLAMENCO VIOL\u00cdN se rige por las leyes espa\u00f1olas y europeas aplicables.<\/p>\n\n\n\n<p>El usuario se compromete a hacer un uso adecuado y l\u00edcito de la p\u00e1gina web, as\u00ed como a respetar la normativa aplicable y los derechos de propiedad intelectual e industrial de FLAMENCO VIOL\u00cdN y terceros.<\/p>\n\n\n\n<p>Los contenidos, informaci\u00f3n y servicios ofrecidos en la p\u00e1gina web tienen un car\u00e1cter meramente informativo y no constituyen asesoramiento legal, t\u00e9cnico o de otra \u00edndole.<\/p>\n\n\n\n<p>La empresa FLAMENCO VIOL\u00cdN garantiza la confidencialidad y privacidad de los datos personales facilitados por los usuarios de la p\u00e1gina web, cumpliendo con la normativa europea de protecci\u00f3n de datos. Asimismo, se compromete a tratar los datos personales con la debida diligencia y adoptar las medidas de seguridad necesarias para evitar su alteraci\u00f3n, p\u00e9rdida, tratamiento o acceso no autorizado.<\/p>\n\n\n\n<p>La empresa FLAMENCO VIOL\u00cdN se reserva el derecho de modificar en cualquier momento y sin necesidad de previo aviso, la informaci\u00f3n contenida en su p\u00e1gina web, as\u00ed como la configuraci\u00f3n y presentaci\u00f3n de la misma.<\/p>\n\n\n\n<p>Para cualquier consulta, reclamaci\u00f3n o sugerencia sobre la p\u00e1gina web, el usuario puede ponerse en contacto con FLAMENCO VIOL\u00cdN a trav\u00e9s de los medios de contacto indicados en la secci\u00f3n correspondiente de la p\u00e1gina web.<\/p>\n\n\n\n<p>En definitiva, la empresa FLAMENCO VIOL\u00cdN se compromete a actuar con la m\u00e1xima diligencia, confidencialidad y discreci\u00f3n en la gesti\u00f3n de su p\u00e1gina web y en el tratamiento de los datos personales de los usuarios, garantizando en todo momento el cumplimiento de la normativa europea aplicable.<\/p>\n\n\n\n<h2 class=\"wp-block-heading\">RESPONSABILIDAD<\/h2>\n\n\n\n<p>El prestador (FLAMENCO VIOL\u00cdN) se exime de cualquier tipo de responsabilidad derivada de la informaci\u00f3n publicada en su sitio web, siempre que esta informaci\u00f3n haya sido manipulada o introducida por un tercero ajeno al mismo.<\/p>\n\n\n\n<p>El sitio web del prestador puede utilizar cookies (peque\u00f1os archivos de informaci\u00f3n que el servidor env\u00eda al ordenador de quien accede a la p\u00e1gina) para llevar a cabo determinadas funciones que son consideradas imprescindibles para el correcto funcionamiento y visualizaci\u00f3n del sitio. Las cookies utilizadas en el sitio web tienen, en todo caso, car\u00e1cter temporal con la \u00fanica finalidad de hacer m\u00e1s eficaz su transmisi\u00f3n ulterior y desaparecen al terminar la sesi\u00f3n del usuario. En ning\u00fan caso se utilizar\u00e1n las cookies para recoger informaci\u00f3n de car\u00e1cter personal.<\/p>\n\n\n\n<p>Desde el blog del sitio web es posible que se redirija a contenidos de terceros sitios web. Dado que el prestador no puede controlar siempre los contenidos introducidos por los terceros en sus sitios web, \u00e9ste no asume ning\u00fan tipo de responsabilidad respecto a dichos contenidos. En todo caso, el prestador manifiesta que proceder\u00e1 a la retirada inmediata de cualquier contenido que pudiera contravenir la legislaci\u00f3n nacional o internacional, la moral o el orden p\u00fablico, procediendo a la retirada inmediata de la redirecci\u00f3n a dicho sitio web, poniendo en conocimiento de las autoridades competentes el contenido en cuesti\u00f3n.<\/p>\n\n\n\n<p>El prestador no se hace responsable de la informaci\u00f3n y contenidos almacenados, a t\u00edtulo enunciativo pero no limitativo, en foros, chat\u00b4s, generadores de blogs, comentarios, redes sociales o cualesquiera otro medio que permita a terceros publicar contenidos de forma independiente en la p\u00e1gina web del prestador. No obstante y en cumplimiento de lo dispuesto en el art. 11 y 16 de la LSSI-CE, el prestador se pone a disposici\u00f3n de todos los usuarios, autoridades y fuerzas de seguridad, y colaborando de forma activa en la retirada o en su caso bloqueo de todos aquellos contenidos que pudieran afectar o contravenir la legislaci\u00f3n nacional, o internacional, derechos de terceros o la moral y el orden p\u00fablico. En caso de que el usuario considere que existe en el sitio web alg\u00fan contenido que pudiera ser susceptible de esta clasificaci\u00f3n, se ruega lo notifique de forma inmediata al correo&nbsp;<strong>info @ esenciascompany .com<\/strong><\/p>\n\n\n\n<p>Este sitio web ha sido revisado y probado para que funcione correctamente. En principio, puede garantizarse el correcto funcionamiento los 365 d\u00edas del a\u00f1o, 24 horas al d\u00eda. No obstante, el prestador no descarta la posibilidad de que existan ciertos errores de programaci\u00f3n, o que acontezcan causas de fuerza mayor, cat\u00e1strofes naturales, huelgas, o circunstancias semejantes que hagan imposible el acceso a la p\u00e1gina web.<\/p>\n\n\n\n<h2 class=\"wp-block-heading\">PROTECCI\u00d3N DE DATOS PERSONALES<\/h2>\n\n\n\n<p>El prestador se encuentra profundamente comprometido con el cumplimiento de la normativa espa\u00f1ola de protecci\u00f3n de datos de car\u00e1cter personal, y garantiza el cumplimiento \u00edntegro de las obligaciones dispuestas, as\u00ed como la implementaci\u00f3n de las medidas de seguridad dispuestas en el art. 9 de la Ley 15\/1999, de Protecci\u00f3n de Datos de Car\u00e1cter Personal (LOPD) y en el Reglamento de Desarrollo de la LOPD.<\/p>\n\n\n\n<p>El prestador pone a disposici\u00f3n de los usuarios la Pol\u00edtica de Privacidad de la entidad informando a los usuarios que se dirijan al correo&nbsp;<strong>info @ esenciascompany .com<\/strong>&nbsp;respecto a los siguientes aspectos:<\/p>\n\n\n\n<ul class=\"wp-block-list\">\n<li>Datos del Responsable del tratamiento.<\/li>\n\n\n\n<li>Datos tratados.<\/li>\n\n\n\n<li>Fichero en el que se almacenan.<\/li>\n\n\n\n<li>Finalidad del tratamiento.<\/li>\n\n\n\n<li>Obligatoriedad o no de facilitarlos, as\u00ed como las consecuencias en caso de no facilitarlos.<\/li>\n\n\n\n<li>Sobre los derechos que asisten a todo usuario y el procedimiento para ejercitarlos.<\/li>\n<\/ul>\n\n\n\n<h2 class=\"wp-block-heading\">PROPIEDAD INTELECTUAL E INDUSTRIAL<\/h2>\n\n\n\n<p>El sitio web, incluyendo a t\u00edtulo enunciativo pero no limitativo su programaci\u00f3n, edici\u00f3n, compilaci\u00f3n y dem\u00e1s elementos necesarios para su funcionamiento, los dise\u00f1os, logotipos, texto y\/o gr\u00e1ficos son propiedad del prestador o en su caso dispone de licencia o autorizaci\u00f3n expresa por parte de los autores. Todos los contenidos del sitio web se encuentran debidamente protegidos por la normativa de propiedad intelectual e industrial, as\u00ed como inscritos en los registros p\u00fablicos correspondientes.<\/p>\n\n\n\n<p>Independientemente de la finalidad para la que fueran destinados, la reproducci\u00f3n total o parcial, uso, explotaci\u00f3n, distribuci\u00f3n y comercializaci\u00f3n, requiere en todo caso de la autorizaci\u00f3n escrita previa por parte del prestador. Cualquier uso no autorizado previamente por parte del prestador ser\u00e1 considerado un incumplimiento grave de los derechos de propiedad intelectual o industrial del autor.<\/p>\n\n\n\n<p>Los dise\u00f1os, logotipos, texto y\/o gr\u00e1ficos ajenos al prestador y que pudieran aparecer en el sitio web, pertenecen a sus respectivos propietarios, siendo ellos mismos responsables de cualquier posible controversia que pudiera suscitarse respecto a los mismos. En todo caso, el prestador cuenta con la autorizaci\u00f3n expresa y previa por parte de los mismos.<\/p>\n\n\n\n<p>El prestador autoriza\/no autoriza expresamente a que terceros puedan redirigir directamente a los contenidos concretos del sitio web, debiendo en todo caso redirigir al sitio web principal del prestador.<\/p>\n\n\n\n<p>El prestador reconoce a favor de sus titulares los correspondientes derechos de propiedad industrial e intelectual, no implicando su sola menci\u00f3n o aparici\u00f3n en el sitio web la existencia de derechos o responsabilidad alguna del prestador sobre los mismos, como tampoco respaldo, patrocinio o recomendaci\u00f3n por parte del mismo.<\/p>\n\n\n\n<p>Para realizar cualquier tipo de observaci\u00f3n respecto a posibles incumplimientos de los derechos de propiedad intelectual o industrial, as\u00ed como sobre cualquiera de los contenidos del sitio web, puede hacerlo a trav\u00e9s del siguiente correo electr\u00f3nico:&nbsp;<strong>info @ esenciascompany .com<\/strong><\/p>\n\n\n\n<h2 class=\"wp-block-heading\">LEY APLICABLE Y JURISDICCI\u00d3N<\/h2>\n\n\n\n<p>Para la resoluci\u00f3n de todas las controversias o cuestiones relacionadas con el presente sitio web o de las actividades en \u00e9l desarrolladas, ser\u00e1 de aplicaci\u00f3n la legislaci\u00f3n espa\u00f1ola, a la que se someten expresamente las partes, siendo competentes para la resoluci\u00f3n de todos los conflictos derivados o relacionados con su uso los Juzgados y Tribunales de Madrid.<\/p>","protected":false},"excerpt":{"rendered":"<p>Denominaci\u00f3n Social: &nbsp;Sharon Alexandra L\u00f3pez PomaresNombre Comercial:&nbsp;Duo EsenciasDomicilio Social:&nbsp;Calle C\/Tahona, 16, 38687 Gu\u00eda de Isora, S\/C de TenerifeCIF: &nbsp;48006756Ye-Mail:&nbsp;info @ esenciascompany .comNombre de dominio:&nbsp;www.flamencoviolin.com OBJETO La empresa SHARON ALEXANDRA L\u00d3PEZ POMARES, es titular de la p\u00e1gina web www.flamencoviolin.com. La presente p\u00e1gina tiene como objetivo informar a los usuarios sobre los servicios y productos que ofrece [&hellip;]<\/p>","protected":false},"author":1,"featured_media":0,"parent":0,"menu_order":0,"comment_status":"closed","ping_status":"closed","template":"","meta":{"_joinchat":[],"footnotes":""},"class_list":["post-17","page","type-page","status-publish","hentry"],"_links":{"self":[{"href":"https:\/\/esenciascompany.com\/es\/wp-json\/wp\/v2\/pages\/17","targetHints":{"allow":["GET"]}}],"collection":[{"href":"https:\/\/esenciascompany.com\/es\/wp-json\/wp\/v2\/pages"}],"about":[{"href":"https:\/\/esenciascompany.com\/es\/wp-json\/wp\/v2\/types\/page"}],"author":[{"embeddable":true,"href":"https:\/\/esenciascompany.com\/es\/wp-json\/wp\/v2\/users\/1"}],"replies":[{"embeddable":true,"href":"https:\/\/esenciascompany.com\/es\/wp-json\/wp\/v2\/comments?post=17"}],"version-history":[{"count":1,"href":"https:\/\/esenciascompany.com\/es\/wp-json\/wp\/v2\/pages\/17\/revisions"}],"predecessor-version":[{"id":427,"href":"https:\/\/esenciascompany.com\/es\/wp-json\/wp\/v2\/pages\/17\/revisions\/427"}],"wp:attachment":[{"href":"https:\/\/esenciascompany.com\/es\/wp-json\/wp\/v2\/media?parent=17"}],"curies":[{"name":"wp","href":"https:\/\/api.w.org\/{rel}","templated":true}]}}